{"id":132,"date":"2016-02-21T13:58:56","date_gmt":"2016-02-21T13:58:56","guid":{"rendered":"http:\/\/www.oszkursy.pl\/?page_id=132"},"modified":"2016-02-22T18:14:35","modified_gmt":"2016-02-22T18:14:35","slug":"pozostale-kursy","status":"publish","type":"page","link":"https:\/\/www.oszkursy.pl\/?page_id=132","title":{"rendered":"Pozosta\u0142e kursy"},"content":{"rendered":"<p>O\u015brodek szkolenia zawodowego prowadzi r\u00f3wnie\u017c nast\u0119puj\u0105ce kursy:<\/p>\n<ul>\n<li>obs\u0142uga w\u00f3zk\u00f3w jezdniowych z nap\u0119dem silnikowym:\n<ul>\n<li>na\u0142adowne,<\/li>\n<li>podno\u015bnikowe (elektryczne i spalinowe),<\/li>\n<li>wymiana butli gazowych w w\u00f3zkach spalinowych,<\/li>\n<\/ul>\n<\/li>\n<li>obs\u0142uga suwnic:\n<ul>\n<li>z kabiny,<\/li>\n<li>z poziomu roboczego,<\/li>\n<\/ul>\n<\/li>\n<li>obs\u0142uga \u017curawi:\n<ul>\n<li>stacjonarnych,<\/li>\n<li>samojezdnych,<\/li>\n<\/ul>\n<\/li>\n<li>obs\u0142uga podno\u015bnik\u00f3w,<\/li>\n<li>eksploatacja urz\u0105dze\u0144, instalacji i sieci elektroenergetycznych o napi\u0119ciu nie wy\u017cszym ni\u017c 1 kV &#8211; Gr. 1-E,<\/li>\n<li>eksploatacja urz\u0105dze\u0144 i sieci gazowych, Gr. 3-E,<\/li>\n<li>kursy BHP i P\/po\u017c. dla:\n<ul>\n<li>pracodawc\u00f3w,<\/li>\n<li>kieruj\u0105cych pracownikami,<\/li>\n<li>kadry in\u017cynieryjno-technicznej,<\/li>\n<li>pracownik\u00f3w administracyjno-biurowych,<\/li>\n<li>pracownik\u00f3w na stanowiskach robotniczych,<\/li>\n<\/ul>\n<\/li>\n<li>kursy pierwszej pomocy,<\/li>\n<li>inne w zale\u017cno\u015bci od potrzeb.<\/li>\n<\/ul>\n","protected":false},"excerpt":{"rendered":"<p>O\u015brodek szkolenia zawodowego prowadzi r\u00f3wnie\u017c nast\u0119puj\u0105ce kursy: obs\u0142uga w\u00f3zk\u00f3w jezdniowych z nap\u0119dem silnikowym: na\u0142adowne, podno\u015bnikowe (elektryczne i spalinowe), wymiana butli gazowych w w\u00f3zkach spalinowych, obs\u0142uga suwnic: z kabiny, z poziomu roboczego, obs\u0142uga \u017curawi: stacjonarnych, samojezdnych, obs\u0142uga podno\u015bnik\u00f3w, eksploatacja urz\u0105dze\u0144, instalacji &hellip; <a href=\"https:\/\/www.oszkursy.pl\/?page_id=132\">Continued<\/a><\/p>\n","protected":false},"author":1,"featured_media":0,"parent":0,"menu_order":0,"comment_status":"closed","ping_status":"closed","template":"","meta":[],"_links":{"self":[{"href":"https:\/\/www.oszkursy.pl\/index.php?rest_route=\/wp\/v2\/pages\/132"}],"collection":[{"href":"https:\/\/www.oszkursy.pl\/index.php?rest_route=\/wp\/v2\/pages"}],"about":[{"href":"https:\/\/www.oszkursy.pl\/index.php?rest_route=\/wp\/v2\/types\/page"}],"author":[{"embeddable":true,"href":"https:\/\/www.oszkursy.pl\/index.php?rest_route=\/wp\/v2\/users\/1"}],"replies":[{"embeddable":true,"href":"https:\/\/www.oszkursy.pl\/index.php?rest_route=%2Fwp%2Fv2%2Fcomments&post=132"}],"version-history":[{"count":4,"href":"https:\/\/www.oszkursy.pl\/index.php?rest_route=\/wp\/v2\/pages\/132\/revisions"}],"predecessor-version":[{"id":142,"href":"https:\/\/www.oszkursy.pl\/index.php?rest_route=\/wp\/v2\/pages\/132\/revisions\/142"}],"wp:attachment":[{"href":"https:\/\/www.oszkursy.pl\/index.php?rest_route=%2Fwp%2Fv2%2Fmedia&parent=132"}],"curies":[{"name":"wp","href":"https:\/\/api.w.org\/{rel}","templated":true}]}}