{"id":95,"date":"2016-02-20T17:35:30","date_gmt":"2016-02-20T17:35:30","guid":{"rendered":"http:\/\/www.oszkursy.pl\/?page_id=95"},"modified":"2016-02-22T19:27:23","modified_gmt":"2016-02-22T19:27:23","slug":"kursy","status":"publish","type":"page","link":"https:\/\/www.oszkursy.pl\/?page_id=95","title":{"rendered":"Kursy &#8211; spawanie"},"content":{"rendered":"<p><strong>Zapraszamy na kursy:<\/strong><\/p>\n<p><strong>111<\/strong>\u00a0&#8211; spawanie elektrod\u0105 otulon\u0105 (MMA)<br \/>\n<strong>131<\/strong>\u00a0&#8211; spawanie w os\u0142onie gazu oboj\u0119tnego (MIG) ( p\u00f3\u0142automatem )<br \/>\n<strong>135<\/strong>\u00a0&#8211; spawanie w os\u0142onie gazu aktywnego (MAG) ( p\u00f3\u0142automatem )<br \/>\n<strong>136<\/strong>\u00a0&#8211; spawanie drutami proszkowymi (FCAW) ( p\u00f3\u0142automatem )<br \/>\n<strong>138<\/strong>\u00a0&#8211; spawanie drutem proszkowym z rdzeniem metalicznym<br \/>\n<strong>141<\/strong>\u00a0&#8211; spawanie elektrod\u0105 nietopliw\u0105 w os\u0142onie gazu oboj\u0119tnego (TIG)<br \/>\n<strong>311<\/strong>\u00a0\u2013 spawanie acetylenowo &#8211; tlenowe ( spawanie gazowe )<\/p>\n<p>&nbsp;<\/p>\n<p>Kursy ze wszystkich wy\u017cej wymienionych metod prowadzone s\u0105 na 3 MODU\u0141ACH :<\/p>\n<p><strong>1 MODU\u0141<\/strong> <strong>(<\/strong><strong>P\/T FW) &#8211;<\/strong> spawanie spoin pachwinowych<br \/>\n<strong>2 MODU\u0141<\/strong><strong>\u00a0<\/strong><strong>(P BW)<\/strong>\u00a0&#8211; spawanie spoin czo\u0142owych blach<br \/>\n<strong>3 MODU\u0141<\/strong><strong>\u00a0(<\/strong><strong>T BW) <\/strong>&#8211; spawanie spoin czo\u0142owych rur<br \/>\nSzkolenia mog\u0105 by\u0107 prowadzone na nast\u0119puj\u0105cych materia\u0142ach podstawowych:<\/p>\n<p><strong>&#8211; stale niestopowe,<br \/>\n&#8211; stale stopowe ( nierdzewne),<br \/>\n&#8211; stopy aluminium.<\/strong><\/p>\n<p>&nbsp;<\/p>\n<p>O\u015brodek prowadzi specjalistyczne szkolenia i kursy:<\/p>\n<p><strong>&#8211; kurs r\u0119cznego przecinania\u00a0tlenowego,<br \/>\n&#8211; kurs r\u0119cznego przecinania plazmowego,<br \/>\n<\/strong><strong>&#8211; kurs sczepiania elektrycznego,<\/strong><strong><br \/>\n&#8211; kurs dla monter\u00f3w (ci\u0119cie, sczepianie).<\/p>\n<p><\/strong><br \/>\nO\u015brodek posiada 18 profesjonalnych stanowisk spawalniczych.<br \/>\n<u>1 spawacz 1 stanowisko<\/u>.<\/p>\n<p>Nowoczesne i najlepsze urz\u0105dzenia spawalnicze znanych marek.<\/p>\n","protected":false},"excerpt":{"rendered":"<p>Zapraszamy na kursy: 111\u00a0&#8211; spawanie elektrod\u0105 otulon\u0105 (MMA) 131\u00a0&#8211; spawanie w os\u0142onie gazu oboj\u0119tnego (MIG) ( p\u00f3\u0142automatem ) 135\u00a0&#8211; spawanie w os\u0142onie gazu aktywnego (MAG) ( p\u00f3\u0142automatem ) 136\u00a0&#8211; spawanie drutami proszkowymi (FCAW) ( p\u00f3\u0142automatem ) 138\u00a0&#8211; spawanie drutem proszkowym &hellip; <a href=\"https:\/\/www.oszkursy.pl\/?page_id=95\">Continued<\/a><\/p>\n","protected":false},"author":1,"featured_media":0,"parent":0,"menu_order":0,"comment_status":"closed","ping_status":"closed","template":"page-fullwidth.php","meta":[],"_links":{"self":[{"href":"https:\/\/www.oszkursy.pl\/index.php?rest_route=\/wp\/v2\/pages\/95"}],"collection":[{"href":"https:\/\/www.oszkursy.pl\/index.php?rest_route=\/wp\/v2\/pages"}],"about":[{"href":"https:\/\/www.oszkursy.pl\/index.php?rest_route=\/wp\/v2\/types\/page"}],"author":[{"embeddable":true,"href":"https:\/\/www.oszkursy.pl\/index.php?rest_route=\/wp\/v2\/users\/1"}],"replies":[{"embeddable":true,"href":"https:\/\/www.oszkursy.pl\/index.php?rest_route=%2Fwp%2Fv2%2Fcomments&post=95"}],"version-history":[{"count":16,"href":"https:\/\/www.oszkursy.pl\/index.php?rest_route=\/wp\/v2\/pages\/95\/revisions"}],"predecessor-version":[{"id":160,"href":"https:\/\/www.oszkursy.pl\/index.php?rest_route=\/wp\/v2\/pages\/95\/revisions\/160"}],"wp:attachment":[{"href":"https:\/\/www.oszkursy.pl\/index.php?rest_route=%2Fwp%2Fv2%2Fmedia&parent=95"}],"curies":[{"name":"wp","href":"https:\/\/api.w.org\/{rel}","templated":true}]}}