{"id":97,"date":"2016-02-20T17:36:25","date_gmt":"2016-02-20T17:36:25","guid":{"rendered":"http:\/\/www.oszkursy.pl\/?page_id=97"},"modified":"2016-03-07T17:23:10","modified_gmt":"2016-03-07T17:23:10","slug":"przebieg-szkolenia","status":"publish","type":"page","link":"https:\/\/www.oszkursy.pl\/?page_id=97","title":{"rendered":"Przebieg szkolenia"},"content":{"rendered":"<p>Zaj\u0119cia teoretyczne i praktyczne s\u0105 prowadzone i nadzorowane przez in\u017cynier\u00f3w-spawalnik\u00f3w (IWE) i instruktor\u00f3w praktycznej nauki zawodu z wieloletnim do\u015bwiadczeniem w prowadzeniu szkole\u0144 spawalniczych.<\/p>\n<p>&nbsp;<\/p>\n<p>Kursy prowadzone s\u0105 wed\u0142ug program\u00f3w szkolenia i sk\u0142adaj\u0105 si\u0119 z cz\u0119\u015bci teoretycznej\u00a0i praktycznej.<\/p>\n<p>Czas trwania kursu jest uzale\u017cniony od metody spawania (2- 3 tygodnie).<\/p>\n<p>Po zako\u0144czeniu kursu osoba zdaje egzamin teoretyczny i praktyczny.<\/p>\n<p>&nbsp;<\/p>\n<p>Po zdaniu egzaminu z wynikiem pozytywnym kursant otrzymuje ksi\u0105\u017ck\u0119 spawacza (lub wpis w ksi\u0105\u017ck\u0119 je\u017celi j\u0105 posiada) oraz Certyfikat (\u015awiadectwo Egzaminu Kwalifikacyjnego Spawacza) wydawane przez :<\/p>\n<p><strong>Instytut Spawalnictwa w Gliwicach<\/strong><\/p>\n<p><strong>Urz\u0119d Dozoru Technicznego <\/strong><\/p>\n<p>wed\u0142ug <strong>EN ISO 9606-1<\/strong> stale w\u0119glowe i stopowe<\/p>\n<p>wed\u0142ug <strong>EN ISO 9606-2<\/strong> aluminium i stopy aluminium<\/p>\n<p>W razie potrzeb szkolimy i egzaminujemy spawaczy<strong> T\u00dcV Rheinland, DNV GL Polska.<\/strong><br \/>\nPodstawowe wymagania stawiane naszym kandydatom to:<br \/>\n\u2022 uko\u0144czone 18 lat,<br \/>\n\u2022 wykszta\u0142cenie minimum podstawowe,<br \/>\n\u2022 za\u015bwiadczenie lekarskie o zdolno\u015bci do wykonywania zawodu spawacza.<\/p>\n<p>&nbsp;<\/p>\n<p><strong><u>SZKOLENIE ODBYWA SI\u0118<\/u><\/strong><\/p>\n<p><strong>&#8211; w grupach,<\/strong><\/p>\n<p><strong>&#8211; indywidualnie.<\/strong><\/p>\n<p>&nbsp;<\/p>\n<p>Realizacji szkolenia przebiega z uwzgl\u0119dnieniem bezpiecznych\u00a0i higienicznych warunk\u00f3w przy spawaniu.<\/p>\n<p>Kursanci wyposa\u017ceni s\u0105 w sprz\u0119t ochrony osobistej (przy\u0142bice spawalnicze, r\u0119kawice, okulary i tarcze ochronne przy szlifowaniu).<\/p>\n<p>&nbsp;<\/p>\n<p>Na bie\u017c\u0105co ka\u017cdy kursant jest sprawdzany pod wzgl\u0119dem poziomu wiedzy teoretycznej i umiej\u0119tno\u015bci praktycznych.<\/p>\n<p>Kursanci otrzymuj\u0105 materia\u0142y szkoleniowe i maj\u0105 w czasie trwania kursu dost\u0119p do biblioteki technicznej O\u015brodka.<\/p>\n<p>O\u015brodek wsp\u00f3\u0142pracuje w zakresie szkolenia spawaczy z Politechnik\u0105 Gda\u0144sk\u0105, Urz\u0119dami Pracy i Zak\u0142adami zajmuj\u0105cymi si\u0119 procesami spawalniczymi.<\/p>\n<ol>\n<li>Szkolenia i egzaminy spawaczy.<\/li>\n<li>Obs\u0142uga w\u00f3zk\u00f3w jezdniowych z nap\u0119dem silnikowym i wymiana butli gazowych w w\u00f3zkach spalinowych.<\/li>\n<li>Obs\u0142uga suwnic:<br \/>\n&#8211; z kabiny,<br \/>\n&#8211; z poziomu roboczego,<\/li>\n<\/ol>\n<ol start=\"4\">\n<li>Obs\u0142uga podno\u015bnik\u00f3w,<\/li>\n<li>Kursy BHP i P\/po\u017c.<\/li>\n<li>Inne w zale\u017cno\u015bci od potrzeb.<\/li>\n<\/ol>\n<p><strong>ZAPRASZAMY NA SZKOLENIA !<\/strong><\/p>\n","protected":false},"excerpt":{"rendered":"<p>Zaj\u0119cia teoretyczne i praktyczne s\u0105 prowadzone i nadzorowane przez in\u017cynier\u00f3w-spawalnik\u00f3w (IWE) i instruktor\u00f3w praktycznej nauki zawodu z wieloletnim do\u015bwiadczeniem w prowadzeniu szkole\u0144 spawalniczych. &nbsp; Kursy prowadzone s\u0105 wed\u0142ug program\u00f3w szkolenia i sk\u0142adaj\u0105 si\u0119 z cz\u0119\u015bci teoretycznej\u00a0i praktycznej. Czas trwania kursu &hellip; <a href=\"https:\/\/www.oszkursy.pl\/?page_id=97\">Continued<\/a><\/p>\n","protected":false},"author":1,"featured_media":0,"parent":0,"menu_order":0,"comment_status":"closed","ping_status":"closed","template":"page-fullwidth.php","meta":[],"_links":{"self":[{"href":"https:\/\/www.oszkursy.pl\/index.php?rest_route=\/wp\/v2\/pages\/97"}],"collection":[{"href":"https:\/\/www.oszkursy.pl\/index.php?rest_route=\/wp\/v2\/pages"}],"about":[{"href":"https:\/\/www.oszkursy.pl\/index.php?rest_route=\/wp\/v2\/types\/page"}],"author":[{"embeddable":true,"href":"https:\/\/www.oszkursy.pl\/index.php?rest_route=\/wp\/v2\/users\/1"}],"replies":[{"embeddable":true,"href":"https:\/\/www.oszkursy.pl\/index.php?rest_route=%2Fwp%2Fv2%2Fcomments&post=97"}],"version-history":[{"count":6,"href":"https:\/\/www.oszkursy.pl\/index.php?rest_route=\/wp\/v2\/pages\/97\/revisions"}],"predecessor-version":[{"id":180,"href":"https:\/\/www.oszkursy.pl\/index.php?rest_route=\/wp\/v2\/pages\/97\/revisions\/180"}],"wp:attachment":[{"href":"https:\/\/www.oszkursy.pl\/index.php?rest_route=%2Fwp%2Fv2%2Fmedia&parent=97"}],"curies":[{"name":"wp","href":"https:\/\/api.w.org\/{rel}","templated":true}]}}